{"id":107,"date":"2026-04-04T23:20:36","date_gmt":"2026-04-05T02:20:36","guid":{"rendered":"https:\/\/arquivosweb.com.br\/blog\/?page_id=107"},"modified":"2026-04-05T15:01:42","modified_gmt":"2026-04-05T18:01:42","slug":"sobre","status":"publish","type":"page","link":"https:\/\/arquivosweb.com.br\/blog\/sobre\/","title":{"rendered":"Sobre"},"content":{"rendered":"<h2 data-section-id=\"abvp57\" data-start=\"146\" data-end=\"179\">Sobre o Blog \u2013 ArquivosWeb<\/h2>\n<p data-start=\"181\" data-end=\"310\">Bem-vindo ao blog da ArquivosWeb, seu portal completo de <strong data-start=\"239\" data-end=\"309\">tutoriais e reviews de vetores CNC, templates canva, livros para colorir, artes para sublima\u00e7\u00e3o e projetos em PDF<\/strong>.<\/p>\n<p data-start=\"312\" data-end=\"477\">Criamos este espa\u00e7o para ajudar voc\u00ea a entender, escolher e utilizar arquivos digitais de forma pr\u00e1tica, aumentando sua produtividade e seus resultados no dia a dia.<\/p>\n<hr data-start=\"479\" data-end=\"482\" \/>\n<h3 data-section-id=\"1tb5i4w\" data-start=\"484\" data-end=\"516\">Por que criamos este blog<\/h3>\n<p data-start=\"518\" data-end=\"657\">Sabemos que muitas pessoas compram arquivos digitais, mas ainda t\u00eam d\u00favidas onde comprar, como usar, montar ou at\u00e9 mesmo vender os produtos finais.<\/p>\n<p data-start=\"659\" data-end=\"811\">Por isso, o blog da Arquivos Web foi desenvolvido para guiar voc\u00ea em todas as etapas: desde a escolha do arquivo at\u00e9 a aplica\u00e7\u00e3o pr\u00e1tica no seu neg\u00f3cio.<\/p>\n<hr data-start=\"813\" data-end=\"816\" \/>\n<p data-start=\"1139\" data-end=\"1200\">\n<h3 data-section-id=\"1f2vhen\" data-start=\"1207\" data-end=\"1239\">Reviews reais dos produtos<\/h3>\n<p data-start=\"1241\" data-end=\"1357\">Publicamos aqui tutoriais e <strong data-start=\"1279\" data-end=\"1334\">reviews completos dos produtos da loja <a href=\"https:\/\/arquivosweb.com.br\/\">ArquivosWeb<\/a><\/strong>, mostrando na pr\u00e1tica:<\/p>\n<ul data-start=\"1359\" data-end=\"1503\">\n<li data-section-id=\"cp6w1w\" data-start=\"1359\" data-end=\"1391\">O que vem no arquivo digital (produto)<\/li>\n<li data-section-id=\"6khme\" data-start=\"1392\" data-end=\"1432\">Como acessar e fazer o download dos arquivos<\/li>\n<li data-section-id=\"1en0zcu\" data-start=\"1433\" data-end=\"1469\">E todos os detalhes e d\u00favidas sobre o produto adquirido<\/li>\n<\/ul>\n<p data-start=\"1505\" data-end=\"1576\">Isso ajuda voc\u00ea a tomar decis\u00f5es mais seguras e evitar erros na compra.<\/p>\n<hr data-start=\"1578\" data-end=\"1581\" \/>\n<p>&nbsp;<\/p>\n<h3 data-section-id=\"1ivipst\" data-start=\"1923\" data-end=\"1951\">Para quem \u00e9 este blog<\/h3>\n<p data-start=\"1953\" data-end=\"1976\">Este blog \u00e9 ideal para:<\/p>\n<p data-start=\"1953\" data-end=\"1976\">Profissionais, artes\u00e3os, empreendedores e iniciantes que querem come\u00e7ar do zero<\/p>\n<p data-start=\"2125\" data-end=\"2225\">Se voc\u00ea quer <strong data-start=\"2138\" data-end=\"2189\">produzir mais, vender melhor e economizar tempo<\/strong>, este conte\u00fado foi feito para voc\u00ea.<\/p>\n<hr data-start=\"2227\" data-end=\"2230\" \/>\n<h3 data-section-id=\"vbb8i0\" data-start=\"2232\" data-end=\"2266\">Conhe\u00e7a a loja ArquivosWeb<\/h3>\n<p data-start=\"2268\" data-end=\"2398\">A ArquivosWeb \u00e9 especializada na venda de <strong data-start=\"2311\" data-end=\"2355\">arquivos digitais prontos como vetores CNC, templates canva, livros para colorir, artes para sublima\u00e7\u00e3o e projetos em PDF<\/strong>, com download imediato e acesso vital\u00edcio.<\/p>\n<p data-start=\"2400\" data-end=\"2520\">Nossos produtos s\u00e3o desenvolvidos para facilitar seu trabalho, permitindo que voc\u00ea produza com mais rapidez e qualidade.<\/p>\n<p data-start=\"2522\" data-end=\"2566\">\ud83d\udc49 Acesse a loja: <a class=\"decorated-link\" href=\"https:\/\/arquivosweb.com.br\" target=\"_new\" rel=\"noopener\" data-start=\"2540\" data-end=\"2566\">https:\/\/arquivosweb.com.br<\/a><\/p>\n<hr data-start=\"2568\" data-end=\"2571\" \/>\n<h3 data-section-id=\"13b89jx\" data-start=\"2573\" data-end=\"2606\">Nosso compromisso com voc\u00ea<\/h3>\n<p data-start=\"2608\" data-end=\"2685\">Nosso compromisso \u00e9 entregar conte\u00fados claros, atualizados e realmente \u00fateis.<\/p>\n<p data-start=\"2687\" data-end=\"2877\">Valorizamos a transpar\u00eancia, por isso alguns links do blog podem levar para produtos da nossa loja. Assim, conseguimos manter o projeto e continuar trazendo conte\u00fados de qualidade para voc\u00ea.<\/p>\n<hr data-start=\"2879\" data-end=\"2882\" \/>\n<h3 data-section-id=\"2e1ak3\" data-start=\"2884\" data-end=\"2920\">Por que acompanhar nosso blog<\/h3>\n<p data-start=\"2922\" data-end=\"2965\">Ao acompanhar o blog da ArquivosWeb, voc\u00ea:<\/p>\n<ul data-start=\"2967\" data-end=\"3139\">\n<li data-section-id=\"xqod6t\" data-start=\"2967\" data-end=\"3009\">Aprende na pr\u00e1tica com tutoriais reais<\/li>\n<li data-section-id=\"1560uja\" data-start=\"3050\" data-end=\"3097\">Escolhe melhor os produtos antes de comprar<\/li>\n<li data-section-id=\"i940kz\" data-start=\"3098\" data-end=\"3139\">Identificar novas oportunidades de lucro<\/li>\n<\/ul>\n","protected":false},"excerpt":{"rendered":"<p>Sobre o Blog \u2013 ArquivosWeb Bem-vindo ao blog da ArquivosWeb, seu portal completo de tutoriais e reviews de vetores CNC,<\/p>\n","protected":false},"author":1,"featured_media":0,"parent":0,"menu_order":0,"comment_status":"closed","ping_status":"closed","template":"","meta":{"footnotes":""},"class_list":["post-107","page","type-page","status-publish","hentry"],"yoast_head":"<!-- This site is optimized with the Yoast SEO plugin v27.4 - https:\/\/yoast.com\/product\/yoast-seo-wordpress\/ -->\n<title>Sobre - ArquivosWeb<\/title>\n<meta name=\"robots\" content=\"index, follow, max-snippet:-1, max-image-preview:large, max-video-preview:-1\" \/>\n<link rel=\"canonical\" href=\"https:\/\/arquivosweb.com.br\/blog\/sobre\/\" \/>\n<meta property=\"og:locale\" content=\"pt_BR\" \/>\n<meta property=\"og:type\" content=\"article\" \/>\n<meta property=\"og:title\" content=\"Sobre - ArquivosWeb\" \/>\n<meta property=\"og:description\" content=\"Sobre o Blog \u2013 ArquivosWeb Bem-vindo ao blog da ArquivosWeb, seu portal completo de tutoriais e reviews de vetores CNC,\" \/>\n<meta property=\"og:url\" content=\"https:\/\/arquivosweb.com.br\/blog\/sobre\/\" \/>\n<meta property=\"og:site_name\" content=\"ArquivosWeb\" \/>\n<meta property=\"article:modified_time\" content=\"2026-04-05T18:01:42+00:00\" \/>\n<meta name=\"twitter:card\" content=\"summary_large_image\" \/>\n<meta name=\"twitter:label1\" content=\"Est. tempo de leitura\" \/>\n\t<meta name=\"twitter:data1\" content=\"2 minutos\" \/>\n<script type=\"application\/ld+json\" class=\"yoast-schema-graph\">{\"@context\":\"https:\\\/\\\/schema.org\",\"@graph\":[{\"@type\":\"WebPage\",\"@id\":\"https:\\\/\\\/arquivosweb.com.br\\\/blog\\\/sobre\\\/\",\"url\":\"https:\\\/\\\/arquivosweb.com.br\\\/blog\\\/sobre\\\/\",\"name\":\"Sobre - ArquivosWeb\",\"isPartOf\":{\"@id\":\"https:\\\/\\\/arquivosweb.com.br\\\/blog\\\/#website\"},\"datePublished\":\"2026-04-05T02:20:36+00:00\",\"dateModified\":\"2026-04-05T18:01:42+00:00\",\"breadcrumb\":{\"@id\":\"https:\\\/\\\/arquivosweb.com.br\\\/blog\\\/sobre\\\/#breadcrumb\"},\"inLanguage\":\"pt-BR\",\"potentialAction\":[{\"@type\":\"ReadAction\",\"target\":[\"https:\\\/\\\/arquivosweb.com.br\\\/blog\\\/sobre\\\/\"]}]},{\"@type\":\"BreadcrumbList\",\"@id\":\"https:\\\/\\\/arquivosweb.com.br\\\/blog\\\/sobre\\\/#breadcrumb\",\"itemListElement\":[{\"@type\":\"ListItem\",\"position\":1,\"name\":\"In\u00edcio\",\"item\":\"https:\\\/\\\/arquivosweb.com.br\\\/blog\\\/\"},{\"@type\":\"ListItem\",\"position\":2,\"name\":\"Sobre\"}]},{\"@type\":\"WebSite\",\"@id\":\"https:\\\/\\\/arquivosweb.com.br\\\/blog\\\/#website\",\"url\":\"https:\\\/\\\/arquivosweb.com.br\\\/blog\\\/\",\"name\":\"ArquivosWeb\",\"description\":\"Sua Fonte Completa de Arquivos Digitais Profissionais\",\"publisher\":{\"@id\":\"https:\\\/\\\/arquivosweb.com.br\\\/blog\\\/#organization\"},\"potentialAction\":[{\"@type\":\"SearchAction\",\"target\":{\"@type\":\"EntryPoint\",\"urlTemplate\":\"https:\\\/\\\/arquivosweb.com.br\\\/blog\\\/?s={search_term_string}\"},\"query-input\":{\"@type\":\"PropertyValueSpecification\",\"valueRequired\":true,\"valueName\":\"search_term_string\"}}],\"inLanguage\":\"pt-BR\"},{\"@type\":\"Organization\",\"@id\":\"https:\\\/\\\/arquivosweb.com.br\\\/blog\\\/#organization\",\"name\":\"ArquivosWeb\",\"url\":\"https:\\\/\\\/arquivosweb.com.br\\\/blog\\\/\",\"logo\":{\"@type\":\"ImageObject\",\"inLanguage\":\"pt-BR\",\"@id\":\"https:\\\/\\\/arquivosweb.com.br\\\/blog\\\/#\\\/schema\\\/logo\\\/image\\\/\",\"url\":\"https:\\\/\\\/arquivosweb.com.br\\\/blog\\\/wp-content\\\/uploads\\\/2026\\\/03\\\/logo-oficial-arquivosweb.webp\",\"contentUrl\":\"https:\\\/\\\/arquivosweb.com.br\\\/blog\\\/wp-content\\\/uploads\\\/2026\\\/03\\\/logo-oficial-arquivosweb.webp\",\"width\":377,\"height\":75,\"caption\":\"ArquivosWeb\"},\"image\":{\"@id\":\"https:\\\/\\\/arquivosweb.com.br\\\/blog\\\/#\\\/schema\\\/logo\\\/image\\\/\"}}]}<\/script>\n<!-- \/ Yoast SEO plugin. -->","yoast_head_json":{"title":"Sobre - ArquivosWeb","robots":{"index":"index","follow":"follow","max-snippet":"max-snippet:-1","max-image-preview":"max-image-preview:large","max-video-preview":"max-video-preview:-1"},"canonical":"https:\/\/arquivosweb.com.br\/blog\/sobre\/","og_locale":"pt_BR","og_type":"article","og_title":"Sobre - ArquivosWeb","og_description":"Sobre o Blog \u2013 ArquivosWeb Bem-vindo ao blog da ArquivosWeb, seu portal completo de tutoriais e reviews de vetores CNC,","og_url":"https:\/\/arquivosweb.com.br\/blog\/sobre\/","og_site_name":"ArquivosWeb","article_modified_time":"2026-04-05T18:01:42+00:00","twitter_card":"summary_large_image","twitter_misc":{"Est. tempo de leitura":"2 minutos"},"schema":{"@context":"https:\/\/schema.org","@graph":[{"@type":"WebPage","@id":"https:\/\/arquivosweb.com.br\/blog\/sobre\/","url":"https:\/\/arquivosweb.com.br\/blog\/sobre\/","name":"Sobre - ArquivosWeb","isPartOf":{"@id":"https:\/\/arquivosweb.com.br\/blog\/#website"},"datePublished":"2026-04-05T02:20:36+00:00","dateModified":"2026-04-05T18:01:42+00:00","breadcrumb":{"@id":"https:\/\/arquivosweb.com.br\/blog\/sobre\/#breadcrumb"},"inLanguage":"pt-BR","potentialAction":[{"@type":"ReadAction","target":["https:\/\/arquivosweb.com.br\/blog\/sobre\/"]}]},{"@type":"BreadcrumbList","@id":"https:\/\/arquivosweb.com.br\/blog\/sobre\/#breadcrumb","itemListElement":[{"@type":"ListItem","position":1,"name":"In\u00edcio","item":"https:\/\/arquivosweb.com.br\/blog\/"},{"@type":"ListItem","position":2,"name":"Sobre"}]},{"@type":"WebSite","@id":"https:\/\/arquivosweb.com.br\/blog\/#website","url":"https:\/\/arquivosweb.com.br\/blog\/","name":"ArquivosWeb","description":"Sua Fonte Completa de Arquivos Digitais Profissionais","publisher":{"@id":"https:\/\/arquivosweb.com.br\/blog\/#organization"},"potentialAction":[{"@type":"SearchAction","target":{"@type":"EntryPoint","urlTemplate":"https:\/\/arquivosweb.com.br\/blog\/?s={search_term_string}"},"query-input":{"@type":"PropertyValueSpecification","valueRequired":true,"valueName":"search_term_string"}}],"inLanguage":"pt-BR"},{"@type":"Organization","@id":"https:\/\/arquivosweb.com.br\/blog\/#organization","name":"ArquivosWeb","url":"https:\/\/arquivosweb.com.br\/blog\/","logo":{"@type":"ImageObject","inLanguage":"pt-BR","@id":"https:\/\/arquivosweb.com.br\/blog\/#\/schema\/logo\/image\/","url":"https:\/\/arquivosweb.com.br\/blog\/wp-content\/uploads\/2026\/03\/logo-oficial-arquivosweb.webp","contentUrl":"https:\/\/arquivosweb.com.br\/blog\/wp-content\/uploads\/2026\/03\/logo-oficial-arquivosweb.webp","width":377,"height":75,"caption":"ArquivosWeb"},"image":{"@id":"https:\/\/arquivosweb.com.br\/blog\/#\/schema\/logo\/image\/"}}]}},"_links":{"self":[{"href":"https:\/\/arquivosweb.com.br\/blog\/wp-json\/wp\/v2\/pages\/107","targetHints":{"allow":["GET"]}}],"collection":[{"href":"https:\/\/arquivosweb.com.br\/blog\/wp-json\/wp\/v2\/pages"}],"about":[{"href":"https:\/\/arquivosweb.com.br\/blog\/wp-json\/wp\/v2\/types\/page"}],"author":[{"embeddable":true,"href":"https:\/\/arquivosweb.com.br\/blog\/wp-json\/wp\/v2\/users\/1"}],"replies":[{"embeddable":true,"href":"https:\/\/arquivosweb.com.br\/blog\/wp-json\/wp\/v2\/comments?post=107"}],"version-history":[{"count":3,"href":"https:\/\/arquivosweb.com.br\/blog\/wp-json\/wp\/v2\/pages\/107\/revisions"}],"predecessor-version":[{"id":128,"href":"https:\/\/arquivosweb.com.br\/blog\/wp-json\/wp\/v2\/pages\/107\/revisions\/128"}],"wp:attachment":[{"href":"https:\/\/arquivosweb.com.br\/blog\/wp-json\/wp\/v2\/media?parent=107"}],"curies":[{"name":"wp","href":"https:\/\/api.w.org\/{rel}","templated":true}]}}